{"id":9068,"date":"2013-07-16T22:27:19","date_gmt":"2013-07-16T21:27:19","guid":{"rendered":"https:\/\/www.parisbalade.fr\/temoignages"},"modified":"2021-01-04T18:30:06","modified_gmt":"2021-01-04T17:30:06","slug":"testimonials","status":"publish","type":"page","link":"https:\/\/www.parisbalade.fr\/en\/testimonials","title":{"rendered":"Testimonials"},"content":{"rendered":"\n<h3 class=\"wp-block-heading\">Our guided tours have 100% of positive reviews on Tripadvisor<\/h3>\n\n\n\n<figure class=\"wp-block-image\"><a href=\"https:\/\/www.tripadvisor.fr\/\" target=\"_blank\" rel=\"noopener noreferrer\"><img decoding=\"async\" src=\"https:\/\/www.tripadvisor.fr\/img2\/widget\/logo_shadow_109x26.png\" alt=\"TripAdvisor\"\/><\/a><\/figure>\n\n\n\n<div id=\"TA_percentRecommended450\" class=\"TA_percentRecommended\">\n<ul id=\"GpC26z\" class=\"TA_links bYbcR4XS\">\n<li id=\"VD532i\" class=\"Uk8IVb7FO\"><\/li>\n<\/ul>\n<\/div>\n\n\n\n<p><script src=\"https:\/\/www.jscache.com\/wejs?wtype=percentRecommended&amp;uniq=450&amp;locationId=5851367&amp;lang=fr&amp;border=true&amp;backgroundColor=white&amp;display_version=2\"><\/script><\/p>\n","protected":false},"excerpt":{"rendered":"<p>Our guided tours have 100% of positive reviews on Tripadvisor<\/p>\n","protected":false},"author":1,"featured_media":0,"parent":0,"menu_order":0,"comment_status":"open","ping_status":"closed","template":"","meta":{"site-sidebar-layout":"default","site-content-layout":"default","ast-global-header-display":"","ast-main-header-display":"","ast-hfb-above-header-display":"","ast-hfb-below-header-display":"","ast-hfb-mobile-header-display":"","site-post-title":"","ast-breadcrumbs-content":"","ast-featured-img":"","footer-sml-layout":"","theme-transparent-header-meta":"default","adv-header-id-meta":"","stick-header-meta":"default","header-above-stick-meta":"","header-main-stick-meta":"","header-below-stick-meta":"","footnotes":""},"class_list":["post-9068","page","type-page","status-publish","hentry"],"yoast_head":"<!-- This site is optimized with the Yoast SEO plugin v27.5 - https:\/\/yoast.com\/product\/yoast-seo-wordpress\/ -->\n<title>Livre d&#039;Or - Paris Balade<\/title>\n<meta name=\"description\" content=\"Ce sont nos clients qui parlent le mieux de Paris Balade! D\u00e9couvrez les avis de ceux qui ont go\u00fbtes \u00e0 nos visites de Paris en voiture de collection!\" \/>\n<meta name=\"robots\" content=\"index, follow, max-snippet:-1, max-image-preview:large, max-video-preview:-1\" \/>\n<link rel=\"canonical\" href=\"https:\/\/www.parisbalade.fr\/en\/testimonials\" \/>\n<meta property=\"og:locale\" content=\"en_US\" \/>\n<meta property=\"og:type\" content=\"article\" \/>\n<meta property=\"og:title\" content=\"Livre d&#039;Or - Paris Balade\" \/>\n<meta property=\"og:description\" content=\"Ce sont nos clients qui parlent le mieux de Paris Balade! D\u00e9couvrez les avis de ceux qui ont go\u00fbtes \u00e0 nos visites de Paris en voiture de collection!\" \/>\n<meta property=\"og:url\" content=\"https:\/\/www.parisbalade.fr\/en\/testimonials\" \/>\n<meta property=\"og:site_name\" content=\"Paris Balade\" \/>\n<meta property=\"article:publisher\" content=\"https:\/\/www.facebook.com\/parisbaladefr\/\" \/>\n<meta property=\"article:modified_time\" content=\"2021-01-04T17:30:06+00:00\" \/>\n<meta property=\"og:image\" content=\"https:\/\/www.tripadvisor.fr\/img2\/widget\/logo_shadow_109x26.png\" \/>\n<meta name=\"twitter:card\" content=\"summary_large_image\" \/>\n<meta name=\"twitter:site\" content=\"@ParisBalade\" \/>\n<script type=\"application\/ld+json\" class=\"yoast-schema-graph\">{\"@context\":\"https:\\\/\\\/schema.org\",\"@graph\":[{\"@type\":\"WebPage\",\"@id\":\"https:\\\/\\\/www.parisbalade.fr\\\/en\\\/testimonials\",\"url\":\"https:\\\/\\\/www.parisbalade.fr\\\/en\\\/testimonials\",\"name\":\"Livre d'Or - Paris Balade\",\"isPartOf\":{\"@id\":\"https:\\\/\\\/www.parisbalade.fr\\\/#website\"},\"primaryImageOfPage\":{\"@id\":\"https:\\\/\\\/www.parisbalade.fr\\\/en\\\/testimonials#primaryimage\"},\"image\":{\"@id\":\"https:\\\/\\\/www.parisbalade.fr\\\/en\\\/testimonials#primaryimage\"},\"thumbnailUrl\":\"https:\\\/\\\/www.tripadvisor.fr\\\/img2\\\/widget\\\/logo_shadow_109x26.png\",\"datePublished\":\"2013-07-16T21:27:19+00:00\",\"dateModified\":\"2021-01-04T17:30:06+00:00\",\"description\":\"Ce sont nos clients qui parlent le mieux de Paris Balade! D\u00e9couvrez les avis de ceux qui ont go\u00fbtes \u00e0 nos visites de Paris en voiture de collection!\",\"breadcrumb\":{\"@id\":\"https:\\\/\\\/www.parisbalade.fr\\\/en\\\/testimonials#breadcrumb\"},\"inLanguage\":\"en-US\",\"potentialAction\":[{\"@type\":\"ReadAction\",\"target\":[\"https:\\\/\\\/www.parisbalade.fr\\\/en\\\/testimonials\"]}]},{\"@type\":\"ImageObject\",\"inLanguage\":\"en-US\",\"@id\":\"https:\\\/\\\/www.parisbalade.fr\\\/en\\\/testimonials#primaryimage\",\"url\":\"https:\\\/\\\/www.tripadvisor.fr\\\/img2\\\/widget\\\/logo_shadow_109x26.png\",\"contentUrl\":\"https:\\\/\\\/www.tripadvisor.fr\\\/img2\\\/widget\\\/logo_shadow_109x26.png\"},{\"@type\":\"BreadcrumbList\",\"@id\":\"https:\\\/\\\/www.parisbalade.fr\\\/en\\\/testimonials#breadcrumb\",\"itemListElement\":[{\"@type\":\"ListItem\",\"position\":1,\"name\":\"Accueil\",\"item\":\"https:\\\/\\\/www.parisbalade.fr\\\/en\"},{\"@type\":\"ListItem\",\"position\":2,\"name\":\"Testimonials\"}]},{\"@type\":\"WebSite\",\"@id\":\"https:\\\/\\\/www.parisbalade.fr\\\/#website\",\"url\":\"https:\\\/\\\/www.parisbalade.fr\\\/\",\"name\":\"Paris Balade\",\"description\":\"La balade authentique dans Paris en voiture de collection\",\"publisher\":{\"@id\":\"https:\\\/\\\/www.parisbalade.fr\\\/#organization\"},\"potentialAction\":[{\"@type\":\"SearchAction\",\"target\":{\"@type\":\"EntryPoint\",\"urlTemplate\":\"https:\\\/\\\/www.parisbalade.fr\\\/?s={search_term_string}\"},\"query-input\":{\"@type\":\"PropertyValueSpecification\",\"valueRequired\":true,\"valueName\":\"search_term_string\"}}],\"inLanguage\":\"en-US\"},{\"@type\":\"Organization\",\"@id\":\"https:\\\/\\\/www.parisbalade.fr\\\/#organization\",\"name\":\"Paris Balade\",\"url\":\"https:\\\/\\\/www.parisbalade.fr\\\/\",\"logo\":{\"@type\":\"ImageObject\",\"inLanguage\":\"en-US\",\"@id\":\"https:\\\/\\\/www.parisbalade.fr\\\/#\\\/schema\\\/logo\\\/image\\\/\",\"url\":\"https:\\\/\\\/www.parisbalade.fr\\\/wp-content\\\/uploads\\\/2013\\\/09\\\/cropped-paris-balade.png\",\"contentUrl\":\"https:\\\/\\\/www.parisbalade.fr\\\/wp-content\\\/uploads\\\/2013\\\/09\\\/cropped-paris-balade.png\",\"width\":512,\"height\":512,\"caption\":\"Paris Balade\"},\"image\":{\"@id\":\"https:\\\/\\\/www.parisbalade.fr\\\/#\\\/schema\\\/logo\\\/image\\\/\"},\"sameAs\":[\"https:\\\/\\\/www.facebook.com\\\/parisbaladefr\\\/\",\"https:\\\/\\\/x.com\\\/ParisBalade\",\"https:\\\/\\\/www.instagram.com\\\/parisbalade\\\/?hl=fr\"]}]}<\/script>\n<!-- \/ Yoast SEO plugin. -->","yoast_head_json":{"title":"Livre d'Or - Paris Balade","description":"Ce sont nos clients qui parlent le mieux de Paris Balade! D\u00e9couvrez les avis de ceux qui ont go\u00fbtes \u00e0 nos visites de Paris en voiture de collection!","robots":{"index":"index","follow":"follow","max-snippet":"max-snippet:-1","max-image-preview":"max-image-preview:large","max-video-preview":"max-video-preview:-1"},"canonical":"https:\/\/www.parisbalade.fr\/en\/testimonials","og_locale":"en_US","og_type":"article","og_title":"Livre d'Or - Paris Balade","og_description":"Ce sont nos clients qui parlent le mieux de Paris Balade! D\u00e9couvrez les avis de ceux qui ont go\u00fbtes \u00e0 nos visites de Paris en voiture de collection!","og_url":"https:\/\/www.parisbalade.fr\/en\/testimonials","og_site_name":"Paris Balade","article_publisher":"https:\/\/www.facebook.com\/parisbaladefr\/","article_modified_time":"2021-01-04T17:30:06+00:00","og_image":[{"url":"https:\/\/www.tripadvisor.fr\/img2\/widget\/logo_shadow_109x26.png","type":"","width":"","height":""}],"twitter_card":"summary_large_image","twitter_site":"@ParisBalade","schema":{"@context":"https:\/\/schema.org","@graph":[{"@type":"WebPage","@id":"https:\/\/www.parisbalade.fr\/en\/testimonials","url":"https:\/\/www.parisbalade.fr\/en\/testimonials","name":"Livre d'Or - Paris Balade","isPartOf":{"@id":"https:\/\/www.parisbalade.fr\/#website"},"primaryImageOfPage":{"@id":"https:\/\/www.parisbalade.fr\/en\/testimonials#primaryimage"},"image":{"@id":"https:\/\/www.parisbalade.fr\/en\/testimonials#primaryimage"},"thumbnailUrl":"https:\/\/www.tripadvisor.fr\/img2\/widget\/logo_shadow_109x26.png","datePublished":"2013-07-16T21:27:19+00:00","dateModified":"2021-01-04T17:30:06+00:00","description":"Ce sont nos clients qui parlent le mieux de Paris Balade! D\u00e9couvrez les avis de ceux qui ont go\u00fbtes \u00e0 nos visites de Paris en voiture de collection!","breadcrumb":{"@id":"https:\/\/www.parisbalade.fr\/en\/testimonials#breadcrumb"},"inLanguage":"en-US","potentialAction":[{"@type":"ReadAction","target":["https:\/\/www.parisbalade.fr\/en\/testimonials"]}]},{"@type":"ImageObject","inLanguage":"en-US","@id":"https:\/\/www.parisbalade.fr\/en\/testimonials#primaryimage","url":"https:\/\/www.tripadvisor.fr\/img2\/widget\/logo_shadow_109x26.png","contentUrl":"https:\/\/www.tripadvisor.fr\/img2\/widget\/logo_shadow_109x26.png"},{"@type":"BreadcrumbList","@id":"https:\/\/www.parisbalade.fr\/en\/testimonials#breadcrumb","itemListElement":[{"@type":"ListItem","position":1,"name":"Accueil","item":"https:\/\/www.parisbalade.fr\/en"},{"@type":"ListItem","position":2,"name":"Testimonials"}]},{"@type":"WebSite","@id":"https:\/\/www.parisbalade.fr\/#website","url":"https:\/\/www.parisbalade.fr\/","name":"Paris Balade","description":"La balade authentique dans Paris en voiture de collection","publisher":{"@id":"https:\/\/www.parisbalade.fr\/#organization"},"potentialAction":[{"@type":"SearchAction","target":{"@type":"EntryPoint","urlTemplate":"https:\/\/www.parisbalade.fr\/?s={search_term_string}"},"query-input":{"@type":"PropertyValueSpecification","valueRequired":true,"valueName":"search_term_string"}}],"inLanguage":"en-US"},{"@type":"Organization","@id":"https:\/\/www.parisbalade.fr\/#organization","name":"Paris Balade","url":"https:\/\/www.parisbalade.fr\/","logo":{"@type":"ImageObject","inLanguage":"en-US","@id":"https:\/\/www.parisbalade.fr\/#\/schema\/logo\/image\/","url":"https:\/\/www.parisbalade.fr\/wp-content\/uploads\/2013\/09\/cropped-paris-balade.png","contentUrl":"https:\/\/www.parisbalade.fr\/wp-content\/uploads\/2013\/09\/cropped-paris-balade.png","width":512,"height":512,"caption":"Paris Balade"},"image":{"@id":"https:\/\/www.parisbalade.fr\/#\/schema\/logo\/image\/"},"sameAs":["https:\/\/www.facebook.com\/parisbaladefr\/","https:\/\/x.com\/ParisBalade","https:\/\/www.instagram.com\/parisbalade\/?hl=fr"]}]}},"_links":{"self":[{"href":"https:\/\/www.parisbalade.fr\/en\/wp-json\/wp\/v2\/pages\/9068","targetHints":{"allow":["GET"]}}],"collection":[{"href":"https:\/\/www.parisbalade.fr\/en\/wp-json\/wp\/v2\/pages"}],"about":[{"href":"https:\/\/www.parisbalade.fr\/en\/wp-json\/wp\/v2\/types\/page"}],"author":[{"embeddable":true,"href":"https:\/\/www.parisbalade.fr\/en\/wp-json\/wp\/v2\/users\/1"}],"replies":[{"embeddable":true,"href":"https:\/\/www.parisbalade.fr\/en\/wp-json\/wp\/v2\/comments?post=9068"}],"version-history":[{"count":0,"href":"https:\/\/www.parisbalade.fr\/en\/wp-json\/wp\/v2\/pages\/9068\/revisions"}],"wp:attachment":[{"href":"https:\/\/www.parisbalade.fr\/en\/wp-json\/wp\/v2\/media?parent=9068"}],"curies":[{"name":"wp","href":"https:\/\/api.w.org\/{rel}","templated":true}]}}