{"id":9316,"date":"2013-10-29T14:46:38","date_gmt":"2013-10-29T13:46:38","guid":{"rendered":"https:\/\/www.parisbalade.fr\/votre-reservation-a-bien-ete-enregistree"},"modified":"2021-01-03T19:25:24","modified_gmt":"2021-01-03T18:25:24","slug":"votre-reservation-a-bien-ete-enregistree","status":"publish","type":"page","link":"https:\/\/www.parisbalade.fr\/en\/votre-reservation-a-bien-ete-enregistree","title":{"rendered":"Votre r\u00e9servation a bien \u00e9t\u00e9 enregistr\u00e9e !"},"content":{"rendered":"\n<p><strong>You will shortly receive an email summarizing your reservation and indicating the payment terms.<\/strong><\/p>\n\n\n\n<p><strong>Thank you for your reservation with <strong>Paris Balade Team<\/strong>.<\/strong><br><\/p>\n","protected":false},"excerpt":{"rendered":"<p>You will shortly receive an email summarizing your reservation and indicating the payment terms. Thank you for your reservation with Paris Balade Team.<\/p>\n","protected":false},"author":1,"featured_media":0,"parent":0,"menu_order":0,"comment_status":"closed","ping_status":"closed","template":"","meta":{"site-sidebar-layout":"default","site-content-layout":"default","ast-global-header-display":"","ast-main-header-display":"","ast-hfb-above-header-display":"","ast-hfb-below-header-display":"","ast-hfb-mobile-header-display":"","site-post-title":"","ast-breadcrumbs-content":"","ast-featured-img":"","footer-sml-layout":"","theme-transparent-header-meta":"default","adv-header-id-meta":"","stick-header-meta":"default","header-above-stick-meta":"","header-main-stick-meta":"","header-below-stick-meta":"","footnotes":""},"class_list":["post-9316","page","type-page","status-publish","hentry"],"yoast_head":"<!-- This site is optimized with the Yoast SEO plugin v26.3 - https:\/\/yoast.com\/wordpress\/plugins\/seo\/ -->\n<title>Votre r\u00e9servation a bien \u00e9t\u00e9 enregistr\u00e9e !<\/title>\n<meta name=\"description\" content=\"You will shortly receive an email summarizing your reservation and indicating the payment terms.  Thank you for your reservation with Paris Balade Team.\" \/>\n<meta name=\"robots\" content=\"index, follow, max-snippet:-1, max-image-preview:large, max-video-preview:-1\" \/>\n<link rel=\"canonical\" href=\"https:\/\/www.parisbalade.fr\/en\/votre-reservation-a-bien-ete-enregistree\" \/>\n<meta property=\"og:locale\" content=\"en_US\" \/>\n<meta property=\"og:type\" content=\"article\" \/>\n<meta property=\"og:title\" content=\"Votre r\u00e9servation a bien \u00e9t\u00e9 enregistr\u00e9e !\" \/>\n<meta property=\"og:description\" content=\"You will shortly receive an email summarizing your reservation and indicating the payment terms.  Thank you for your reservation with Paris Balade Team.\" \/>\n<meta property=\"og:url\" content=\"https:\/\/www.parisbalade.fr\/en\/votre-reservation-a-bien-ete-enregistree\" \/>\n<meta property=\"og:site_name\" content=\"Paris Balade\" \/>\n<meta property=\"article:publisher\" content=\"https:\/\/www.facebook.com\/parisbaladefr\/\" \/>\n<meta property=\"article:modified_time\" content=\"2021-01-03T18:25:24+00:00\" \/>\n<meta property=\"og:image\" content=\"https:\/\/www.parisbalade.fr\/wp-content\/uploads\/2013\/09\/cropped-paris-balade.png\" \/>\n\t<meta property=\"og:image:width\" content=\"512\" \/>\n\t<meta property=\"og:image:height\" content=\"512\" \/>\n\t<meta property=\"og:image:type\" content=\"image\/png\" \/>\n<meta name=\"twitter:card\" content=\"summary_large_image\" \/>\n<meta name=\"twitter:site\" content=\"@ParisBalade\" \/>\n<script type=\"application\/ld+json\" class=\"yoast-schema-graph\">{\"@context\":\"https:\/\/schema.org\",\"@graph\":[{\"@type\":\"WebPage\",\"@id\":\"https:\/\/www.parisbalade.fr\/en\/votre-reservation-a-bien-ete-enregistree\",\"url\":\"https:\/\/www.parisbalade.fr\/en\/votre-reservation-a-bien-ete-enregistree\",\"name\":\"Votre r\u00e9servation a bien \u00e9t\u00e9 enregistr\u00e9e !\",\"isPartOf\":{\"@id\":\"https:\/\/www.parisbalade.fr\/#website\"},\"datePublished\":\"2013-10-29T13:46:38+00:00\",\"dateModified\":\"2021-01-03T18:25:24+00:00\",\"description\":\"You will shortly receive an email summarizing your reservation and indicating the payment terms. Thank you for your reservation with Paris Balade Team.\",\"breadcrumb\":{\"@id\":\"https:\/\/www.parisbalade.fr\/en\/votre-reservation-a-bien-ete-enregistree#breadcrumb\"},\"inLanguage\":\"en-US\",\"potentialAction\":[{\"@type\":\"ReadAction\",\"target\":[\"https:\/\/www.parisbalade.fr\/en\/votre-reservation-a-bien-ete-enregistree\"]}]},{\"@type\":\"BreadcrumbList\",\"@id\":\"https:\/\/www.parisbalade.fr\/en\/votre-reservation-a-bien-ete-enregistree#breadcrumb\",\"itemListElement\":[{\"@type\":\"ListItem\",\"position\":1,\"name\":\"Accueil\",\"item\":\"https:\/\/www.parisbalade.fr\/en\"},{\"@type\":\"ListItem\",\"position\":2,\"name\":\"Votre r\u00e9servation a bien \u00e9t\u00e9 enregistr\u00e9e !\"}]},{\"@type\":\"WebSite\",\"@id\":\"https:\/\/www.parisbalade.fr\/#website\",\"url\":\"https:\/\/www.parisbalade.fr\/\",\"name\":\"Paris Balade\",\"description\":\"La balade authentique dans Paris en voiture de collection\",\"publisher\":{\"@id\":\"https:\/\/www.parisbalade.fr\/#organization\"},\"potentialAction\":[{\"@type\":\"SearchAction\",\"target\":{\"@type\":\"EntryPoint\",\"urlTemplate\":\"https:\/\/www.parisbalade.fr\/?s={search_term_string}\"},\"query-input\":{\"@type\":\"PropertyValueSpecification\",\"valueRequired\":true,\"valueName\":\"search_term_string\"}}],\"inLanguage\":\"en-US\"},{\"@type\":\"Organization\",\"@id\":\"https:\/\/www.parisbalade.fr\/#organization\",\"name\":\"Paris Balade\",\"url\":\"https:\/\/www.parisbalade.fr\/\",\"logo\":{\"@type\":\"ImageObject\",\"inLanguage\":\"en-US\",\"@id\":\"https:\/\/www.parisbalade.fr\/#\/schema\/logo\/image\/\",\"url\":\"https:\/\/www.parisbalade.fr\/wp-content\/uploads\/2013\/09\/cropped-paris-balade.png\",\"contentUrl\":\"https:\/\/www.parisbalade.fr\/wp-content\/uploads\/2013\/09\/cropped-paris-balade.png\",\"width\":512,\"height\":512,\"caption\":\"Paris Balade\"},\"image\":{\"@id\":\"https:\/\/www.parisbalade.fr\/#\/schema\/logo\/image\/\"},\"sameAs\":[\"https:\/\/www.facebook.com\/parisbaladefr\/\",\"https:\/\/x.com\/ParisBalade\",\"https:\/\/www.instagram.com\/parisbalade\/?hl=fr\"]}]}<\/script>\n<!-- \/ Yoast SEO plugin. -->","yoast_head_json":{"title":"Votre r\u00e9servation a bien \u00e9t\u00e9 enregistr\u00e9e !","description":"You will shortly receive an email summarizing your reservation and indicating the payment terms.  Thank you for your reservation with Paris Balade Team.","robots":{"index":"index","follow":"follow","max-snippet":"max-snippet:-1","max-image-preview":"max-image-preview:large","max-video-preview":"max-video-preview:-1"},"canonical":"https:\/\/www.parisbalade.fr\/en\/votre-reservation-a-bien-ete-enregistree","og_locale":"en_US","og_type":"article","og_title":"Votre r\u00e9servation a bien \u00e9t\u00e9 enregistr\u00e9e !","og_description":"You will shortly receive an email summarizing your reservation and indicating the payment terms.  Thank you for your reservation with Paris Balade Team.","og_url":"https:\/\/www.parisbalade.fr\/en\/votre-reservation-a-bien-ete-enregistree","og_site_name":"Paris Balade","article_publisher":"https:\/\/www.facebook.com\/parisbaladefr\/","article_modified_time":"2021-01-03T18:25:24+00:00","og_image":[{"width":512,"height":512,"url":"https:\/\/www.parisbalade.fr\/wp-content\/uploads\/2013\/09\/cropped-paris-balade.png","type":"image\/png"}],"twitter_card":"summary_large_image","twitter_site":"@ParisBalade","schema":{"@context":"https:\/\/schema.org","@graph":[{"@type":"WebPage","@id":"https:\/\/www.parisbalade.fr\/en\/votre-reservation-a-bien-ete-enregistree","url":"https:\/\/www.parisbalade.fr\/en\/votre-reservation-a-bien-ete-enregistree","name":"Votre r\u00e9servation a bien \u00e9t\u00e9 enregistr\u00e9e !","isPartOf":{"@id":"https:\/\/www.parisbalade.fr\/#website"},"datePublished":"2013-10-29T13:46:38+00:00","dateModified":"2021-01-03T18:25:24+00:00","description":"You will shortly receive an email summarizing your reservation and indicating the payment terms. Thank you for your reservation with Paris Balade Team.","breadcrumb":{"@id":"https:\/\/www.parisbalade.fr\/en\/votre-reservation-a-bien-ete-enregistree#breadcrumb"},"inLanguage":"en-US","potentialAction":[{"@type":"ReadAction","target":["https:\/\/www.parisbalade.fr\/en\/votre-reservation-a-bien-ete-enregistree"]}]},{"@type":"BreadcrumbList","@id":"https:\/\/www.parisbalade.fr\/en\/votre-reservation-a-bien-ete-enregistree#breadcrumb","itemListElement":[{"@type":"ListItem","position":1,"name":"Accueil","item":"https:\/\/www.parisbalade.fr\/en"},{"@type":"ListItem","position":2,"name":"Votre r\u00e9servation a bien \u00e9t\u00e9 enregistr\u00e9e !"}]},{"@type":"WebSite","@id":"https:\/\/www.parisbalade.fr\/#website","url":"https:\/\/www.parisbalade.fr\/","name":"Paris Balade","description":"La balade authentique dans Paris en voiture de collection","publisher":{"@id":"https:\/\/www.parisbalade.fr\/#organization"},"potentialAction":[{"@type":"SearchAction","target":{"@type":"EntryPoint","urlTemplate":"https:\/\/www.parisbalade.fr\/?s={search_term_string}"},"query-input":{"@type":"PropertyValueSpecification","valueRequired":true,"valueName":"search_term_string"}}],"inLanguage":"en-US"},{"@type":"Organization","@id":"https:\/\/www.parisbalade.fr\/#organization","name":"Paris Balade","url":"https:\/\/www.parisbalade.fr\/","logo":{"@type":"ImageObject","inLanguage":"en-US","@id":"https:\/\/www.parisbalade.fr\/#\/schema\/logo\/image\/","url":"https:\/\/www.parisbalade.fr\/wp-content\/uploads\/2013\/09\/cropped-paris-balade.png","contentUrl":"https:\/\/www.parisbalade.fr\/wp-content\/uploads\/2013\/09\/cropped-paris-balade.png","width":512,"height":512,"caption":"Paris Balade"},"image":{"@id":"https:\/\/www.parisbalade.fr\/#\/schema\/logo\/image\/"},"sameAs":["https:\/\/www.facebook.com\/parisbaladefr\/","https:\/\/x.com\/ParisBalade","https:\/\/www.instagram.com\/parisbalade\/?hl=fr"]}]}},"_links":{"self":[{"href":"https:\/\/www.parisbalade.fr\/en\/wp-json\/wp\/v2\/pages\/9316","targetHints":{"allow":["GET"]}}],"collection":[{"href":"https:\/\/www.parisbalade.fr\/en\/wp-json\/wp\/v2\/pages"}],"about":[{"href":"https:\/\/www.parisbalade.fr\/en\/wp-json\/wp\/v2\/types\/page"}],"author":[{"embeddable":true,"href":"https:\/\/www.parisbalade.fr\/en\/wp-json\/wp\/v2\/users\/1"}],"replies":[{"embeddable":true,"href":"https:\/\/www.parisbalade.fr\/en\/wp-json\/wp\/v2\/comments?post=9316"}],"version-history":[{"count":0,"href":"https:\/\/www.parisbalade.fr\/en\/wp-json\/wp\/v2\/pages\/9316\/revisions"}],"wp:attachment":[{"href":"https:\/\/www.parisbalade.fr\/en\/wp-json\/wp\/v2\/media?parent=9316"}],"curies":[{"name":"wp","href":"https:\/\/api.w.org\/{rel}","templated":true}]}}